{"id":563,"date":"2023-03-02T11:57:02","date_gmt":"2023-03-02T14:57:02","guid":{"rendered":"http:\/\/localhost\/website-messe\/?page_id=460"},"modified":"2024-10-29T18:48:58","modified_gmt":"2024-10-29T21:48:58","slug":"setores-do-evento","status":"publish","type":"page","link":"https:\/\/www.mtexpo.com.br\/en\/setores-do-evento\/","title":{"rendered":"Event sectors"},"content":{"rendered":"\n<h2 class=\"wp-block-heading\">Since 1995 M&amp;T Expo is the most important event in this area in Latin America.<\/h2>\n\n\n\n<p>The M&amp;T Expo &#8211; <em>Feira Internacional de M\u00e1quinas e Equipamentos para Constru\u00e7\u00e3o e Minera\u00e7\u00e3o<\/em> [International Fair of Machinery and Equipment for Construction and Mining], since 1995 has been the most important event of the segment in Latin America. A reference and meeting point for manufacturers, users and suppliers, it is part of the international bauma NETWORK and promotes the development of the sector by conducting business, disseminating knowledge, presenting launches and innovations, in addition to fostering networking among professionals in the market 365 days a year.&nbsp;<\/p>\n","protected":false},"excerpt":{"rendered":"","protected":false},"author":2,"featured_media":1959,"parent":0,"menu_order":0,"comment_status":"closed","ping_status":"closed","template":"templates\/setores.php","meta":[],"acf":[],"yoast_head":"<!-- This site is optimized with the Yoast SEO plugin v20.8 - https:\/\/yoast.com\/wordpress\/plugins\/seo\/ -->\n<title>Event sectors | M&amp;T Expo<\/title>\n<meta name=\"description\" content=\"Part of bauma NETWORK\" \/>\n<meta name=\"robots\" content=\"index, follow, max-snippet:-1, max-image-preview:large, max-video-preview:-1\" \/>\n<link rel=\"canonical\" href=\"https:\/\/www.mtexpo.com.br\/en\/setores-do-evento\/\" \/>\n<meta property=\"og:locale\" content=\"en_US\" \/>\n<meta property=\"og:type\" content=\"article\" \/>\n<meta property=\"og:title\" content=\"Event sectors | M&amp;T Expo\" \/>\n<meta property=\"og:description\" content=\"Part of bauma NETWORK\" \/>\n<meta property=\"og:url\" content=\"https:\/\/www.mtexpo.com.br\/en\/setores-do-evento\/\" \/>\n<meta property=\"og:site_name\" content=\"M&amp;T Expo - EN\" \/>\n<meta property=\"article:publisher\" content=\"https:\/\/www.facebook.com\/feiramtexpo\/\" \/>\n<meta property=\"article:modified_time\" content=\"2024-10-29T21:48:58+00:00\" \/>\n<meta property=\"og:image\" content=\"https:\/\/www.mtexpo.com.br\/en\/wp-content\/uploads\/sites\/2\/2024\/10\/MT_EXPO_24-04-23_12__MG_6655.jpg\" \/>\n\t<meta property=\"og:image:width\" content=\"800\" \/>\n\t<meta property=\"og:image:height\" content=\"533\" \/>\n\t<meta property=\"og:image:type\" content=\"image\/jpeg\" \/>\n<meta name=\"twitter:card\" content=\"summary_large_image\" \/>\n<meta name=\"twitter:label1\" content=\"Est. reading time\" \/>\n\t<meta name=\"twitter:data1\" content=\"1 minute\" \/>\n<script type=\"application\/ld+json\" class=\"yoast-schema-graph\">{\"@context\":\"https:\/\/schema.org\",\"@graph\":[{\"@type\":\"WebPage\",\"@id\":\"https:\/\/www.mtexpo.com.br\/en\/setores-do-evento\/\",\"url\":\"https:\/\/www.mtexpo.com.br\/en\/setores-do-evento\/\",\"name\":\"Event sectors | M&T Expo\",\"isPartOf\":{\"@id\":\"https:\/\/www.mtexpo.com.br\/en\/#website\"},\"datePublished\":\"2023-03-02T14:57:02+00:00\",\"dateModified\":\"2024-10-29T21:48:58+00:00\",\"description\":\"Part of bauma NETWORK\",\"breadcrumb\":{\"@id\":\"https:\/\/www.mtexpo.com.br\/en\/setores-do-evento\/#breadcrumb\"},\"inLanguage\":\"en-US\",\"potentialAction\":[{\"@type\":\"ReadAction\",\"target\":[\"https:\/\/www.mtexpo.com.br\/en\/setores-do-evento\/\"]}]},{\"@type\":\"BreadcrumbList\",\"@id\":\"https:\/\/www.mtexpo.com.br\/en\/setores-do-evento\/#breadcrumb\",\"itemListElement\":[{\"@type\":\"ListItem\",\"position\":1,\"name\":\"In\u00edcio\",\"item\":\"https:\/\/www.mtexpo.com.br\/en\/\"},{\"@type\":\"ListItem\",\"position\":2,\"name\":\"Event sectors\"}]},{\"@type\":\"WebSite\",\"@id\":\"https:\/\/www.mtexpo.com.br\/en\/#website\",\"url\":\"https:\/\/www.mtexpo.com.br\/en\/\",\"name\":\"M&T Expo\",\"description\":\"Part of bauma NETWORK\",\"publisher\":{\"@id\":\"https:\/\/www.mtexpo.com.br\/en\/#organization\"},\"alternateName\":\"M&T Expo\",\"potentialAction\":[{\"@type\":\"SearchAction\",\"target\":{\"@type\":\"EntryPoint\",\"urlTemplate\":\"https:\/\/www.mtexpo.com.br\/en\/?s={search_term_string}\"},\"query-input\":\"required name=search_term_string\"}],\"inLanguage\":\"en-US\"},{\"@type\":\"Organization\",\"@id\":\"https:\/\/www.mtexpo.com.br\/en\/#organization\",\"name\":\"M&T Expo\",\"alternateName\":\"M&T Expo\",\"url\":\"https:\/\/www.mtexpo.com.br\/en\/\",\"logo\":{\"@type\":\"ImageObject\",\"inLanguage\":\"en-US\",\"@id\":\"https:\/\/www.mtexpo.com.br\/en\/#\/schema\/logo\/image\/\",\"url\":\"https:\/\/www.mtexpo.com.br\/en\/wp-content\/uploads\/sites\/2\/2022\/12\/logo-MT-expo-1.svg\",\"contentUrl\":\"https:\/\/www.mtexpo.com.br\/en\/wp-content\/uploads\/sites\/2\/2022\/12\/logo-MT-expo-1.svg\",\"width\":350,\"height\":70,\"caption\":\"M&T Expo\"},\"image\":{\"@id\":\"https:\/\/www.mtexpo.com.br\/en\/#\/schema\/logo\/image\/\"},\"sameAs\":[\"https:\/\/www.facebook.com\/feiramtexpo\/\",\"https:\/\/www.youtube.com\/c\/mtexpofeira\",\"https:\/\/www.instagram.com\/feiramtexpo\/\"]}]}<\/script>\n<!-- \/ Yoast SEO plugin. -->","yoast_head_json":{"title":"Event sectors | M&T Expo","description":"Part of bauma NETWORK","robots":{"index":"index","follow":"follow","max-snippet":"max-snippet:-1","max-image-preview":"max-image-preview:large","max-video-preview":"max-video-preview:-1"},"canonical":"https:\/\/www.mtexpo.com.br\/en\/setores-do-evento\/","og_locale":"en_US","og_type":"article","og_title":"Event sectors | M&T Expo","og_description":"Part of bauma NETWORK","og_url":"https:\/\/www.mtexpo.com.br\/en\/setores-do-evento\/","og_site_name":"M&amp;T Expo - EN","article_publisher":"https:\/\/www.facebook.com\/feiramtexpo\/","article_modified_time":"2024-10-29T21:48:58+00:00","og_image":[{"width":800,"height":533,"url":"https:\/\/www.mtexpo.com.br\/en\/wp-content\/uploads\/sites\/2\/2024\/10\/MT_EXPO_24-04-23_12__MG_6655.jpg","type":"image\/jpeg"}],"twitter_card":"summary_large_image","twitter_misc":{"Est. reading time":"1 minute"},"schema":{"@context":"https:\/\/schema.org","@graph":[{"@type":"WebPage","@id":"https:\/\/www.mtexpo.com.br\/en\/setores-do-evento\/","url":"https:\/\/www.mtexpo.com.br\/en\/setores-do-evento\/","name":"Event sectors | M&T Expo","isPartOf":{"@id":"https:\/\/www.mtexpo.com.br\/en\/#website"},"datePublished":"2023-03-02T14:57:02+00:00","dateModified":"2024-10-29T21:48:58+00:00","description":"Part of bauma NETWORK","breadcrumb":{"@id":"https:\/\/www.mtexpo.com.br\/en\/setores-do-evento\/#breadcrumb"},"inLanguage":"en-US","potentialAction":[{"@type":"ReadAction","target":["https:\/\/www.mtexpo.com.br\/en\/setores-do-evento\/"]}]},{"@type":"BreadcrumbList","@id":"https:\/\/www.mtexpo.com.br\/en\/setores-do-evento\/#breadcrumb","itemListElement":[{"@type":"ListItem","position":1,"name":"In\u00edcio","item":"https:\/\/www.mtexpo.com.br\/en\/"},{"@type":"ListItem","position":2,"name":"Event sectors"}]},{"@type":"WebSite","@id":"https:\/\/www.mtexpo.com.br\/en\/#website","url":"https:\/\/www.mtexpo.com.br\/en\/","name":"M&T Expo","description":"Part of bauma NETWORK","publisher":{"@id":"https:\/\/www.mtexpo.com.br\/en\/#organization"},"alternateName":"M&T Expo","potentialAction":[{"@type":"SearchAction","target":{"@type":"EntryPoint","urlTemplate":"https:\/\/www.mtexpo.com.br\/en\/?s={search_term_string}"},"query-input":"required name=search_term_string"}],"inLanguage":"en-US"},{"@type":"Organization","@id":"https:\/\/www.mtexpo.com.br\/en\/#organization","name":"M&T Expo","alternateName":"M&T Expo","url":"https:\/\/www.mtexpo.com.br\/en\/","logo":{"@type":"ImageObject","inLanguage":"en-US","@id":"https:\/\/www.mtexpo.com.br\/en\/#\/schema\/logo\/image\/","url":"https:\/\/www.mtexpo.com.br\/en\/wp-content\/uploads\/sites\/2\/2022\/12\/logo-MT-expo-1.svg","contentUrl":"https:\/\/www.mtexpo.com.br\/en\/wp-content\/uploads\/sites\/2\/2022\/12\/logo-MT-expo-1.svg","width":350,"height":70,"caption":"M&T Expo"},"image":{"@id":"https:\/\/www.mtexpo.com.br\/en\/#\/schema\/logo\/image\/"},"sameAs":["https:\/\/www.facebook.com\/feiramtexpo\/","https:\/\/www.youtube.com\/c\/mtexpofeira","https:\/\/www.instagram.com\/feiramtexpo\/"]}]}},"_links":{"self":[{"href":"https:\/\/www.mtexpo.com.br\/en\/wp-json\/wp\/v2\/pages\/563"}],"collection":[{"href":"https:\/\/www.mtexpo.com.br\/en\/wp-json\/wp\/v2\/pages"}],"about":[{"href":"https:\/\/www.mtexpo.com.br\/en\/wp-json\/wp\/v2\/types\/page"}],"author":[{"embeddable":true,"href":"https:\/\/www.mtexpo.com.br\/en\/wp-json\/wp\/v2\/users\/2"}],"replies":[{"embeddable":true,"href":"https:\/\/www.mtexpo.com.br\/en\/wp-json\/wp\/v2\/comments?post=563"}],"version-history":[{"count":5,"href":"https:\/\/www.mtexpo.com.br\/en\/wp-json\/wp\/v2\/pages\/563\/revisions"}],"predecessor-version":[{"id":1960,"href":"https:\/\/www.mtexpo.com.br\/en\/wp-json\/wp\/v2\/pages\/563\/revisions\/1960"}],"wp:featuredmedia":[{"embeddable":true,"href":"https:\/\/www.mtexpo.com.br\/en\/wp-json\/wp\/v2\/media\/1959"}],"wp:attachment":[{"href":"https:\/\/www.mtexpo.com.br\/en\/wp-json\/wp\/v2\/media?parent=563"}],"curies":[{"name":"wp","href":"https:\/\/api.w.org\/{rel}","templated":true}]}}