{"id":1391,"date":"2024-01-31T10:00:47","date_gmt":"2024-01-31T13:00:47","guid":{"rendered":"https:\/\/www.mtexpo.com.br\/es\/?page_id=1391"},"modified":"2024-01-31T10:00:49","modified_gmt":"2024-01-31T13:00:49","slug":"como-llegar","status":"publish","type":"page","link":"https:\/\/www.mtexpo.com.br\/es\/como-llegar\/","title":{"rendered":"DESCUBRA C\u00d3MO LLEGAR A S\u00c3O PAULO EXPO"},"content":{"rendered":"\n<h2 class=\"wp-block-heading\">S\u00e3o Paulo Expo<\/h2>\n\n\n\n<p>El espacio de la Expo S\u00e3o Paulo acoge la M&amp;T Expo, por ser el Mejor Pabell\u00f3n de Am\u00e9rica Latina, reconocido en todo el mercado. Cuenta con infraestructura de primer mundo, aire acondicionado, estacionamiento techado, entre muchas otras caracter\u00edsticas. Adem\u00e1s de cumplir con las iniciativas M&amp;T Expo ESG, con el sello que certifica que la energ\u00eda el\u00e9ctrica consumida en el pabell\u00f3n proviene de fuentes renovables, garantizando el compromiso de reducci\u00f3n del impacto ambiental.<\/p>\n","protected":false},"excerpt":{"rendered":"","protected":false},"author":1,"featured_media":1273,"parent":0,"menu_order":0,"comment_status":"closed","ping_status":"closed","template":"templates\/comochegar.php","meta":[],"acf":[],"yoast_head":"<!-- This site is optimized with the Yoast SEO plugin v20.8 - https:\/\/yoast.com\/wordpress\/plugins\/seo\/ -->\n<title>DESCUBRA C\u00d3MO LLEGAR A S\u00c3O PAULO EXPO | M&amp;T Expo<\/title>\n<meta name=\"description\" content=\"Part of bauma NETWORK\" \/>\n<meta name=\"robots\" content=\"index, follow, max-snippet:-1, max-image-preview:large, max-video-preview:-1\" \/>\n<link rel=\"canonical\" href=\"https:\/\/www.mtexpo.com.br\/es\/como-llegar\/\" \/>\n<meta property=\"og:locale\" content=\"es_ES\" \/>\n<meta property=\"og:type\" content=\"article\" \/>\n<meta property=\"og:title\" content=\"DESCUBRA C\u00d3MO LLEGAR A S\u00c3O PAULO EXPO | M&amp;T Expo\" \/>\n<meta property=\"og:description\" content=\"Part of bauma NETWORK\" \/>\n<meta property=\"og:url\" content=\"https:\/\/www.mtexpo.com.br\/es\/como-llegar\/\" \/>\n<meta property=\"og:site_name\" content=\"M&amp;T Expo - ES\" \/>\n<meta property=\"article:publisher\" content=\"https:\/\/www.facebook.com\/feiramtexpo\/\" \/>\n<meta property=\"article:modified_time\" content=\"2024-01-31T13:00:49+00:00\" \/>\n<meta property=\"og:image\" content=\"https:\/\/www.mtexpo.com.br\/es\/wp-content\/uploads\/sites\/3\/2023\/12\/spxpo.jpeg\" \/>\n\t<meta property=\"og:image:width\" content=\"718\" \/>\n\t<meta property=\"og:image:height\" content=\"365\" \/>\n\t<meta property=\"og:image:type\" content=\"image\/jpeg\" \/>\n<meta name=\"twitter:card\" content=\"summary_large_image\" \/>\n<meta name=\"twitter:label1\" content=\"Est. reading time\" \/>\n\t<meta name=\"twitter:data1\" content=\"1 minute\" \/>\n<script type=\"application\/ld+json\" class=\"yoast-schema-graph\">{\"@context\":\"https:\/\/schema.org\",\"@graph\":[{\"@type\":\"WebPage\",\"@id\":\"https:\/\/www.mtexpo.com.br\/es\/como-llegar\/\",\"url\":\"https:\/\/www.mtexpo.com.br\/es\/como-llegar\/\",\"name\":\"DESCUBRA C\u00d3MO LLEGAR A S\u00c3O PAULO EXPO | M&T Expo\",\"isPartOf\":{\"@id\":\"https:\/\/www.mtexpo.com.br\/es\/#website\"},\"datePublished\":\"2024-01-31T13:00:47+00:00\",\"dateModified\":\"2024-01-31T13:00:49+00:00\",\"description\":\"Part of bauma NETWORK\",\"breadcrumb\":{\"@id\":\"https:\/\/www.mtexpo.com.br\/es\/como-llegar\/#breadcrumb\"},\"inLanguage\":\"es-ES\",\"potentialAction\":[{\"@type\":\"ReadAction\",\"target\":[\"https:\/\/www.mtexpo.com.br\/es\/como-llegar\/\"]}]},{\"@type\":\"BreadcrumbList\",\"@id\":\"https:\/\/www.mtexpo.com.br\/es\/como-llegar\/#breadcrumb\",\"itemListElement\":[{\"@type\":\"ListItem\",\"position\":1,\"name\":\"In\u00edcio\",\"item\":\"https:\/\/www.mtexpo.com.br\/es\/\"},{\"@type\":\"ListItem\",\"position\":2,\"name\":\"DESCUBRA C\u00d3MO LLEGAR A S\u00c3O PAULO EXPO\"}]},{\"@type\":\"WebSite\",\"@id\":\"https:\/\/www.mtexpo.com.br\/es\/#website\",\"url\":\"https:\/\/www.mtexpo.com.br\/es\/\",\"name\":\"M&T Expo\",\"description\":\"Part of bauma NETWORK\",\"publisher\":{\"@id\":\"https:\/\/www.mtexpo.com.br\/es\/#organization\"},\"alternateName\":\"M&T Expo\",\"potentialAction\":[{\"@type\":\"SearchAction\",\"target\":{\"@type\":\"EntryPoint\",\"urlTemplate\":\"https:\/\/www.mtexpo.com.br\/es\/?s={search_term_string}\"},\"query-input\":\"required name=search_term_string\"}],\"inLanguage\":\"es-ES\"},{\"@type\":\"Organization\",\"@id\":\"https:\/\/www.mtexpo.com.br\/es\/#organization\",\"name\":\"M&T Expo\",\"alternateName\":\"M&T Expo\",\"url\":\"https:\/\/www.mtexpo.com.br\/es\/\",\"logo\":{\"@type\":\"ImageObject\",\"inLanguage\":\"es-ES\",\"@id\":\"https:\/\/www.mtexpo.com.br\/es\/#\/schema\/logo\/image\/\",\"url\":\"https:\/\/www.mtexpo.com.br\/es\/wp-content\/uploads\/sites\/3\/2022\/12\/logo-MT-expo.svg\",\"contentUrl\":\"https:\/\/www.mtexpo.com.br\/es\/wp-content\/uploads\/sites\/3\/2022\/12\/logo-MT-expo.svg\",\"width\":350,\"height\":70,\"caption\":\"M&T Expo\"},\"image\":{\"@id\":\"https:\/\/www.mtexpo.com.br\/es\/#\/schema\/logo\/image\/\"},\"sameAs\":[\"https:\/\/www.facebook.com\/feiramtexpo\/\",\"https:\/\/www.youtube.com\/c\/mtexpofeira\",\"https:\/\/www.instagram.com\/feiramtexpo\/\"]}]}<\/script>\n<!-- \/ Yoast SEO plugin. -->","yoast_head_json":{"title":"DESCUBRA C\u00d3MO LLEGAR A S\u00c3O PAULO EXPO | M&T Expo","description":"Part of bauma NETWORK","robots":{"index":"index","follow":"follow","max-snippet":"max-snippet:-1","max-image-preview":"max-image-preview:large","max-video-preview":"max-video-preview:-1"},"canonical":"https:\/\/www.mtexpo.com.br\/es\/como-llegar\/","og_locale":"es_ES","og_type":"article","og_title":"DESCUBRA C\u00d3MO LLEGAR A S\u00c3O PAULO EXPO | M&T Expo","og_description":"Part of bauma NETWORK","og_url":"https:\/\/www.mtexpo.com.br\/es\/como-llegar\/","og_site_name":"M&amp;T Expo - ES","article_publisher":"https:\/\/www.facebook.com\/feiramtexpo\/","article_modified_time":"2024-01-31T13:00:49+00:00","og_image":[{"width":718,"height":365,"url":"https:\/\/www.mtexpo.com.br\/es\/wp-content\/uploads\/sites\/3\/2023\/12\/spxpo.jpeg","type":"image\/jpeg"}],"twitter_card":"summary_large_image","twitter_misc":{"Est. reading time":"1 minute"},"schema":{"@context":"https:\/\/schema.org","@graph":[{"@type":"WebPage","@id":"https:\/\/www.mtexpo.com.br\/es\/como-llegar\/","url":"https:\/\/www.mtexpo.com.br\/es\/como-llegar\/","name":"DESCUBRA C\u00d3MO LLEGAR A S\u00c3O PAULO EXPO | M&T Expo","isPartOf":{"@id":"https:\/\/www.mtexpo.com.br\/es\/#website"},"datePublished":"2024-01-31T13:00:47+00:00","dateModified":"2024-01-31T13:00:49+00:00","description":"Part of bauma NETWORK","breadcrumb":{"@id":"https:\/\/www.mtexpo.com.br\/es\/como-llegar\/#breadcrumb"},"inLanguage":"es-ES","potentialAction":[{"@type":"ReadAction","target":["https:\/\/www.mtexpo.com.br\/es\/como-llegar\/"]}]},{"@type":"BreadcrumbList","@id":"https:\/\/www.mtexpo.com.br\/es\/como-llegar\/#breadcrumb","itemListElement":[{"@type":"ListItem","position":1,"name":"In\u00edcio","item":"https:\/\/www.mtexpo.com.br\/es\/"},{"@type":"ListItem","position":2,"name":"DESCUBRA C\u00d3MO LLEGAR A S\u00c3O PAULO EXPO"}]},{"@type":"WebSite","@id":"https:\/\/www.mtexpo.com.br\/es\/#website","url":"https:\/\/www.mtexpo.com.br\/es\/","name":"M&T Expo","description":"Part of bauma NETWORK","publisher":{"@id":"https:\/\/www.mtexpo.com.br\/es\/#organization"},"alternateName":"M&T Expo","potentialAction":[{"@type":"SearchAction","target":{"@type":"EntryPoint","urlTemplate":"https:\/\/www.mtexpo.com.br\/es\/?s={search_term_string}"},"query-input":"required name=search_term_string"}],"inLanguage":"es-ES"},{"@type":"Organization","@id":"https:\/\/www.mtexpo.com.br\/es\/#organization","name":"M&T Expo","alternateName":"M&T Expo","url":"https:\/\/www.mtexpo.com.br\/es\/","logo":{"@type":"ImageObject","inLanguage":"es-ES","@id":"https:\/\/www.mtexpo.com.br\/es\/#\/schema\/logo\/image\/","url":"https:\/\/www.mtexpo.com.br\/es\/wp-content\/uploads\/sites\/3\/2022\/12\/logo-MT-expo.svg","contentUrl":"https:\/\/www.mtexpo.com.br\/es\/wp-content\/uploads\/sites\/3\/2022\/12\/logo-MT-expo.svg","width":350,"height":70,"caption":"M&T Expo"},"image":{"@id":"https:\/\/www.mtexpo.com.br\/es\/#\/schema\/logo\/image\/"},"sameAs":["https:\/\/www.facebook.com\/feiramtexpo\/","https:\/\/www.youtube.com\/c\/mtexpofeira","https:\/\/www.instagram.com\/feiramtexpo\/"]}]}},"_links":{"self":[{"href":"https:\/\/www.mtexpo.com.br\/es\/wp-json\/wp\/v2\/pages\/1391"}],"collection":[{"href":"https:\/\/www.mtexpo.com.br\/es\/wp-json\/wp\/v2\/pages"}],"about":[{"href":"https:\/\/www.mtexpo.com.br\/es\/wp-json\/wp\/v2\/types\/page"}],"author":[{"embeddable":true,"href":"https:\/\/www.mtexpo.com.br\/es\/wp-json\/wp\/v2\/users\/1"}],"replies":[{"embeddable":true,"href":"https:\/\/www.mtexpo.com.br\/es\/wp-json\/wp\/v2\/comments?post=1391"}],"version-history":[{"count":1,"href":"https:\/\/www.mtexpo.com.br\/es\/wp-json\/wp\/v2\/pages\/1391\/revisions"}],"predecessor-version":[{"id":1392,"href":"https:\/\/www.mtexpo.com.br\/es\/wp-json\/wp\/v2\/pages\/1391\/revisions\/1392"}],"wp:featuredmedia":[{"embeddable":true,"href":"https:\/\/www.mtexpo.com.br\/es\/wp-json\/wp\/v2\/media\/1273"}],"wp:attachment":[{"href":"https:\/\/www.mtexpo.com.br\/es\/wp-json\/wp\/v2\/media?parent=1391"}],"curies":[{"name":"wp","href":"https:\/\/api.w.org\/{rel}","templated":true}]}}