{"id":538,"date":"2023-03-02T16:23:32","date_gmt":"2023-03-02T19:23:32","guid":{"rendered":"http:\/\/localhost\/website-messe\/?page_id=515"},"modified":"2024-11-18T06:45:22","modified_gmt":"2024-11-18T09:45:22","slug":"arena-de-demonstracao","status":"publish","type":"page","link":"https:\/\/www.mtexpo.com.br\/es\/arena-de-demonstracao\/","title":{"rendered":"Arena de Demonstraci\u00f3n"},"content":{"rendered":"\n<p class=\"has-text-align-left\">Uno de los puntos destacados de la feria es la Arena de Demostraciones, donde los visitantes podr\u00e1n ver en funcionamiento los equipos, m\u00e1quinas e implementos. Habr\u00e1 excavadoras, cargadoras, motoniveladoras, retroexcavadoras, rodillos compactadores, entre otros, en pleno funcionamiento, lo que permitir\u00e1 al visitante conocer de cerca el funcionamiento de cada equipo.<\/p>\n\n\n\n<iframe loading=\"lazy\" width=\"800\" height=\"450\" src=\"https:\/\/www.youtube.com\/embed\/GxB1Vp7Xeow?si=NlR-76ZUb_sdFZM6\" title=\"YouTube video player\" frameborder=\"0\" allow=\"accelerometer; autoplay; clipboard-write; encrypted-media; gyroscope; picture-in-picture; web-share\" referrerpolicy=\"strict-origin-when-cross-origin\" allowfullscreen><\/iframe>\n\n\n\n<figure class=\"wp-block-image size-full\"><img decoding=\"async\" loading=\"lazy\" width=\"1024\" height=\"607\" src=\"https:\/\/www.mtexpo.com.br\/es\/wp-content\/uploads\/sites\/3\/2024\/04\/Arena-de-demonstracao-SITE-23-1024x607-1.png\" alt=\"\" class=\"wp-image-1769\" srcset=\"https:\/\/www.mtexpo.com.br\/es\/wp-content\/uploads\/sites\/3\/2024\/04\/Arena-de-demonstracao-SITE-23-1024x607-1.png 1024w, https:\/\/www.mtexpo.com.br\/es\/wp-content\/uploads\/sites\/3\/2024\/04\/Arena-de-demonstracao-SITE-23-1024x607-1-300x178.png 300w, https:\/\/www.mtexpo.com.br\/es\/wp-content\/uploads\/sites\/3\/2024\/04\/Arena-de-demonstracao-SITE-23-1024x607-1-768x455.png 768w\" sizes=\"(max-width: 1024px) 100vw, 1024px\" \/><\/figure>\n\n\n\n<figure class=\"wp-block-image size-large is-resized\"><img decoding=\"async\" loading=\"lazy\" src=\"https:\/\/www.mtexpo.com.br\/es\/wp-content\/uploads\/sites\/3\/2024\/04\/Arena-de-demonstracao-SITE-24-1024x607.png\" alt=\"\" class=\"wp-image-1771\" width=\"840\" height=\"497\" srcset=\"https:\/\/www.mtexpo.com.br\/es\/wp-content\/uploads\/sites\/3\/2024\/04\/Arena-de-demonstracao-SITE-24-1024x607.png 1024w, https:\/\/www.mtexpo.com.br\/es\/wp-content\/uploads\/sites\/3\/2024\/04\/Arena-de-demonstracao-SITE-24-300x178.png 300w, https:\/\/www.mtexpo.com.br\/es\/wp-content\/uploads\/sites\/3\/2024\/04\/Arena-de-demonstracao-SITE-24-768x455.png 768w, https:\/\/www.mtexpo.com.br\/es\/wp-content\/uploads\/sites\/3\/2024\/04\/Arena-de-demonstracao-SITE-24-1536x910.png 1536w, https:\/\/www.mtexpo.com.br\/es\/wp-content\/uploads\/sites\/3\/2024\/04\/Arena-de-demonstracao-SITE-24-2048x1214.png 2048w\" sizes=\"(max-width: 840px) 100vw, 840px\" \/><\/figure>\n\n\n\n<figure class=\"wp-block-image size-large is-resized\"><img decoding=\"async\" loading=\"lazy\" src=\"https:\/\/www.mtexpo.com.br\/es\/wp-content\/uploads\/sites\/3\/2024\/04\/Arena-de-demonstracao-SITE-25-1024x607.png\" alt=\"\" class=\"wp-image-1773\" width=\"839\" height=\"497\" srcset=\"https:\/\/www.mtexpo.com.br\/es\/wp-content\/uploads\/sites\/3\/2024\/04\/Arena-de-demonstracao-SITE-25-1024x607.png 1024w, https:\/\/www.mtexpo.com.br\/es\/wp-content\/uploads\/sites\/3\/2024\/04\/Arena-de-demonstracao-SITE-25-300x178.png 300w, https:\/\/www.mtexpo.com.br\/es\/wp-content\/uploads\/sites\/3\/2024\/04\/Arena-de-demonstracao-SITE-25-768x455.png 768w, https:\/\/www.mtexpo.com.br\/es\/wp-content\/uploads\/sites\/3\/2024\/04\/Arena-de-demonstracao-SITE-25-1536x910.png 1536w, https:\/\/www.mtexpo.com.br\/es\/wp-content\/uploads\/sites\/3\/2024\/04\/Arena-de-demonstracao-SITE-25-2048x1214.png 2048w\" sizes=\"(max-width: 839px) 100vw, 839px\" \/><\/figure>\n\n\n\n<figure class=\"wp-block-image size-large\"><img decoding=\"async\" loading=\"lazy\" width=\"1024\" height=\"607\" src=\"https:\/\/www.mtexpo.com.br\/es\/wp-content\/uploads\/sites\/3\/2024\/04\/Arena-de-demonstracao-SITE-26-1024x607.png\" alt=\"\" class=\"wp-image-1774\" srcset=\"https:\/\/www.mtexpo.com.br\/es\/wp-content\/uploads\/sites\/3\/2024\/04\/Arena-de-demonstracao-SITE-26-1024x607.png 1024w, https:\/\/www.mtexpo.com.br\/es\/wp-content\/uploads\/sites\/3\/2024\/04\/Arena-de-demonstracao-SITE-26-300x178.png 300w, https:\/\/www.mtexpo.com.br\/es\/wp-content\/uploads\/sites\/3\/2024\/04\/Arena-de-demonstracao-SITE-26-768x455.png 768w, https:\/\/www.mtexpo.com.br\/es\/wp-content\/uploads\/sites\/3\/2024\/04\/Arena-de-demonstracao-SITE-26-1536x910.png 1536w, https:\/\/www.mtexpo.com.br\/es\/wp-content\/uploads\/sites\/3\/2024\/04\/Arena-de-demonstracao-SITE-26-2048x1214.png 2048w\" sizes=\"(max-width: 1024px) 100vw, 1024px\" \/><\/figure>\n","protected":false},"excerpt":{"rendered":"","protected":false},"author":2,"featured_media":0,"parent":0,"menu_order":0,"comment_status":"closed","ping_status":"closed","template":"templates\/arena.php","meta":[],"acf":[],"yoast_head":"<!-- This site is optimized with the Yoast SEO plugin v20.8 - https:\/\/yoast.com\/wordpress\/plugins\/seo\/ -->\n<title>Arena de Demonstraci\u00f3n | M&amp;T Expo<\/title>\n<meta name=\"description\" content=\"Part of bauma NETWORK\" \/>\n<meta name=\"robots\" content=\"index, follow, max-snippet:-1, max-image-preview:large, max-video-preview:-1\" \/>\n<link rel=\"canonical\" href=\"https:\/\/www.mtexpo.com.br\/es\/arena-de-demonstracao\/\" \/>\n<meta property=\"og:locale\" content=\"es_ES\" \/>\n<meta property=\"og:type\" content=\"article\" \/>\n<meta property=\"og:title\" content=\"Arena de Demonstraci\u00f3n | M&amp;T Expo\" \/>\n<meta property=\"og:description\" content=\"Part of bauma NETWORK\" \/>\n<meta property=\"og:url\" content=\"https:\/\/www.mtexpo.com.br\/es\/arena-de-demonstracao\/\" \/>\n<meta property=\"og:site_name\" content=\"M&amp;T Expo - ES\" \/>\n<meta property=\"article:publisher\" content=\"https:\/\/www.facebook.com\/feiramtexpo\/\" \/>\n<meta property=\"article:modified_time\" content=\"2024-11-18T09:45:22+00:00\" \/>\n<meta property=\"og:image\" content=\"https:\/\/www.mtexpo.com.br\/es\/wp-content\/uploads\/sites\/3\/2024\/04\/Arena-de-demonstracao-SITE-23-1024x607-1.png\" \/>\n<meta name=\"twitter:card\" content=\"summary_large_image\" \/>\n<meta name=\"twitter:label1\" content=\"Est. reading time\" \/>\n\t<meta name=\"twitter:data1\" content=\"2 minutes\" \/>\n<script type=\"application\/ld+json\" class=\"yoast-schema-graph\">{\"@context\":\"https:\/\/schema.org\",\"@graph\":[{\"@type\":\"WebPage\",\"@id\":\"https:\/\/www.mtexpo.com.br\/es\/arena-de-demonstracao\/\",\"url\":\"https:\/\/www.mtexpo.com.br\/es\/arena-de-demonstracao\/\",\"name\":\"Arena de Demonstraci\u00f3n | M&T Expo\",\"isPartOf\":{\"@id\":\"https:\/\/www.mtexpo.com.br\/es\/#website\"},\"datePublished\":\"2023-03-02T19:23:32+00:00\",\"dateModified\":\"2024-11-18T09:45:22+00:00\",\"description\":\"Part of bauma NETWORK\",\"breadcrumb\":{\"@id\":\"https:\/\/www.mtexpo.com.br\/es\/arena-de-demonstracao\/#breadcrumb\"},\"inLanguage\":\"es-ES\",\"potentialAction\":[{\"@type\":\"ReadAction\",\"target\":[\"https:\/\/www.mtexpo.com.br\/es\/arena-de-demonstracao\/\"]}]},{\"@type\":\"BreadcrumbList\",\"@id\":\"https:\/\/www.mtexpo.com.br\/es\/arena-de-demonstracao\/#breadcrumb\",\"itemListElement\":[{\"@type\":\"ListItem\",\"position\":1,\"name\":\"In\u00edcio\",\"item\":\"https:\/\/www.mtexpo.com.br\/es\/\"},{\"@type\":\"ListItem\",\"position\":2,\"name\":\"Arena de Demonstraci\u00f3n\"}]},{\"@type\":\"WebSite\",\"@id\":\"https:\/\/www.mtexpo.com.br\/es\/#website\",\"url\":\"https:\/\/www.mtexpo.com.br\/es\/\",\"name\":\"M&T Expo\",\"description\":\"Part of bauma NETWORK\",\"publisher\":{\"@id\":\"https:\/\/www.mtexpo.com.br\/es\/#organization\"},\"alternateName\":\"M&T Expo\",\"potentialAction\":[{\"@type\":\"SearchAction\",\"target\":{\"@type\":\"EntryPoint\",\"urlTemplate\":\"https:\/\/www.mtexpo.com.br\/es\/?s={search_term_string}\"},\"query-input\":\"required name=search_term_string\"}],\"inLanguage\":\"es-ES\"},{\"@type\":\"Organization\",\"@id\":\"https:\/\/www.mtexpo.com.br\/es\/#organization\",\"name\":\"M&T Expo\",\"alternateName\":\"M&T Expo\",\"url\":\"https:\/\/www.mtexpo.com.br\/es\/\",\"logo\":{\"@type\":\"ImageObject\",\"inLanguage\":\"es-ES\",\"@id\":\"https:\/\/www.mtexpo.com.br\/es\/#\/schema\/logo\/image\/\",\"url\":\"https:\/\/www.mtexpo.com.br\/es\/wp-content\/uploads\/sites\/3\/2022\/12\/logo-MT-expo.svg\",\"contentUrl\":\"https:\/\/www.mtexpo.com.br\/es\/wp-content\/uploads\/sites\/3\/2022\/12\/logo-MT-expo.svg\",\"width\":350,\"height\":70,\"caption\":\"M&T Expo\"},\"image\":{\"@id\":\"https:\/\/www.mtexpo.com.br\/es\/#\/schema\/logo\/image\/\"},\"sameAs\":[\"https:\/\/www.facebook.com\/feiramtexpo\/\",\"https:\/\/www.youtube.com\/c\/mtexpofeira\",\"https:\/\/www.instagram.com\/feiramtexpo\/\"]}]}<\/script>\n<!-- \/ Yoast SEO plugin. -->","yoast_head_json":{"title":"Arena de Demonstraci\u00f3n | M&T Expo","description":"Part of bauma NETWORK","robots":{"index":"index","follow":"follow","max-snippet":"max-snippet:-1","max-image-preview":"max-image-preview:large","max-video-preview":"max-video-preview:-1"},"canonical":"https:\/\/www.mtexpo.com.br\/es\/arena-de-demonstracao\/","og_locale":"es_ES","og_type":"article","og_title":"Arena de Demonstraci\u00f3n | M&T Expo","og_description":"Part of bauma NETWORK","og_url":"https:\/\/www.mtexpo.com.br\/es\/arena-de-demonstracao\/","og_site_name":"M&amp;T Expo - ES","article_publisher":"https:\/\/www.facebook.com\/feiramtexpo\/","article_modified_time":"2024-11-18T09:45:22+00:00","og_image":[{"url":"https:\/\/www.mtexpo.com.br\/es\/wp-content\/uploads\/sites\/3\/2024\/04\/Arena-de-demonstracao-SITE-23-1024x607-1.png"}],"twitter_card":"summary_large_image","twitter_misc":{"Est. reading time":"2 minutes"},"schema":{"@context":"https:\/\/schema.org","@graph":[{"@type":"WebPage","@id":"https:\/\/www.mtexpo.com.br\/es\/arena-de-demonstracao\/","url":"https:\/\/www.mtexpo.com.br\/es\/arena-de-demonstracao\/","name":"Arena de Demonstraci\u00f3n | M&T Expo","isPartOf":{"@id":"https:\/\/www.mtexpo.com.br\/es\/#website"},"datePublished":"2023-03-02T19:23:32+00:00","dateModified":"2024-11-18T09:45:22+00:00","description":"Part of bauma NETWORK","breadcrumb":{"@id":"https:\/\/www.mtexpo.com.br\/es\/arena-de-demonstracao\/#breadcrumb"},"inLanguage":"es-ES","potentialAction":[{"@type":"ReadAction","target":["https:\/\/www.mtexpo.com.br\/es\/arena-de-demonstracao\/"]}]},{"@type":"BreadcrumbList","@id":"https:\/\/www.mtexpo.com.br\/es\/arena-de-demonstracao\/#breadcrumb","itemListElement":[{"@type":"ListItem","position":1,"name":"In\u00edcio","item":"https:\/\/www.mtexpo.com.br\/es\/"},{"@type":"ListItem","position":2,"name":"Arena de Demonstraci\u00f3n"}]},{"@type":"WebSite","@id":"https:\/\/www.mtexpo.com.br\/es\/#website","url":"https:\/\/www.mtexpo.com.br\/es\/","name":"M&T Expo","description":"Part of bauma NETWORK","publisher":{"@id":"https:\/\/www.mtexpo.com.br\/es\/#organization"},"alternateName":"M&T Expo","potentialAction":[{"@type":"SearchAction","target":{"@type":"EntryPoint","urlTemplate":"https:\/\/www.mtexpo.com.br\/es\/?s={search_term_string}"},"query-input":"required name=search_term_string"}],"inLanguage":"es-ES"},{"@type":"Organization","@id":"https:\/\/www.mtexpo.com.br\/es\/#organization","name":"M&T Expo","alternateName":"M&T Expo","url":"https:\/\/www.mtexpo.com.br\/es\/","logo":{"@type":"ImageObject","inLanguage":"es-ES","@id":"https:\/\/www.mtexpo.com.br\/es\/#\/schema\/logo\/image\/","url":"https:\/\/www.mtexpo.com.br\/es\/wp-content\/uploads\/sites\/3\/2022\/12\/logo-MT-expo.svg","contentUrl":"https:\/\/www.mtexpo.com.br\/es\/wp-content\/uploads\/sites\/3\/2022\/12\/logo-MT-expo.svg","width":350,"height":70,"caption":"M&T Expo"},"image":{"@id":"https:\/\/www.mtexpo.com.br\/es\/#\/schema\/logo\/image\/"},"sameAs":["https:\/\/www.facebook.com\/feiramtexpo\/","https:\/\/www.youtube.com\/c\/mtexpofeira","https:\/\/www.instagram.com\/feiramtexpo\/"]}]}},"_links":{"self":[{"href":"https:\/\/www.mtexpo.com.br\/es\/wp-json\/wp\/v2\/pages\/538"}],"collection":[{"href":"https:\/\/www.mtexpo.com.br\/es\/wp-json\/wp\/v2\/pages"}],"about":[{"href":"https:\/\/www.mtexpo.com.br\/es\/wp-json\/wp\/v2\/types\/page"}],"author":[{"embeddable":true,"href":"https:\/\/www.mtexpo.com.br\/es\/wp-json\/wp\/v2\/users\/2"}],"replies":[{"embeddable":true,"href":"https:\/\/www.mtexpo.com.br\/es\/wp-json\/wp\/v2\/comments?post=538"}],"version-history":[{"count":12,"href":"https:\/\/www.mtexpo.com.br\/es\/wp-json\/wp\/v2\/pages\/538\/revisions"}],"predecessor-version":[{"id":1812,"href":"https:\/\/www.mtexpo.com.br\/es\/wp-json\/wp\/v2\/pages\/538\/revisions\/1812"}],"wp:attachment":[{"href":"https:\/\/www.mtexpo.com.br\/es\/wp-json\/wp\/v2\/media?parent=538"}],"curies":[{"name":"wp","href":"https:\/\/api.w.org\/{rel}","templated":true}]}}