{"id":71,"date":"2022-12-03T12:38:35","date_gmt":"2022-12-03T15:38:35","guid":{"rendered":"http:\/\/localhost\/website-messe\/?page_id=71"},"modified":"2023-04-14T17:05:37","modified_gmt":"2023-04-14T20:05:37","slug":"quiero-exponer","status":"publish","type":"page","link":"https:\/\/www.mtexpo.com.br\/es\/quiero-exponer\/","title":{"rendered":"Quiero Exponer"},"content":{"rendered":"\n<h2 class=\"wp-block-heading\">Raz\u00f5es para Expor<\/h2>\n\n\n\n<ul>\n<li> <h3>Visitantes nacionales e Internacionales<\/h3>                                 <p>M\u00e1s de 31.000 visitantes calificados el 2022 con grandes negocios generados.<\/p> <\/li>\n\n\n\n<li>\n<h3>Ven a hacer neg\u00f3cios<\/h3>\n                                <p>Se reconoce M&amp;T Expo por su capacidad de generar negocios. En 2022 fueron aproximadamente R$ 2,8 mil millones de negocios generados. Los visitantes esperan la Feria para renovar y actualizar sus parques de equipos.<\/p>\n<\/li>\n\n\n\n<li>\n<h3>Acceda oportunidades globales<\/h3>\n                                <p>M&amp;T Expo es la mayor feria en su segmento de Latinoam\u00e9rica. Recibe visitantes de todos los pa\u00edses del continente, que esperan encontrar aqu\u00ed equipos y m\u00e1quinas para sus obras.<\/p>\n<\/li>\n\n\n\n<li>\n<h3>Innovaci\u00f3n y novedad<\/h3>\n                                <p>M&amp;T Expo es la plataforma perfecta para que fabricantes presenten sus lanzamientos, innovaciones tecnol\u00f3gicas y todo tipo de novedades.<\/p>\n<\/li>\n\n\n\n<li>\n<h3>Plano sectorizado<\/h3>\n                                <p>Dividida en 4 sectores, la feria traer\u00e1 m\u00e1s fuerza a los expositores de cada sector, que se ubicar\u00e1n m\u00e1s f\u00e1cilmente por sus clientes y prospectos.<\/p>\n<\/li>\n\n\n\n<li>\n<h3>Punto de encuentro<\/h3>\n                                <p>Encuentre profesionales y renueve sus contactos en la feria, que recibe m\u00e1s de 31.000 visitas calificadas.<\/p>\n<\/li>\n\n\n\n<li>\n<h3>Influencie la opini\u00f3n del mercado<\/h3>\n                                <p>Al participar de las sesiones de contenido de M&amp;T Expo, su empresa podr\u00e1 divulgar conocimientos t\u00e9cnicos para visitantes que son formadores de opini\u00f3n.<\/p>\n<\/li>\n\n\n\n<li>\n<h3>Oportunidad \u00fanica en 3 anos<\/h3>\n                                <p>Adem\u00e1s de ser el mejor momento para marcar presencia y desarrollar negocios en este momento de retomada, solamente volver a realizar la M&amp;T Expo el 2027. No se puede quedarse fuera y perder su mejor oportunidad del 2024.<\/p>\n<\/li>\n\n\n\n<li>\n<h3>Parte de bauma NETWORK<\/h3>\n                                <p>M&amp;T Expo es parte integrante de la mayor red internacional de eventos de equipos para construcci\u00f3n y miner\u00eda, conectando expositores de todos los continentes a los compradores locales y globales.<\/p>\n<\/li>\n\n\n\n<li> <h3>Demostraciones e interaciones con compradores<\/h3>                                 <p>Con una gran \u00e1rea externa a disposici\u00f3n, su empresa podr\u00e1 presentar equipos en directo y simular condiciones de uso. jEs la mejor manera de encantar sus potenciales nuevos clientes!<\/p><\/li>\n<\/ul>\n","protected":false},"excerpt":{"rendered":"","protected":false},"author":2,"featured_media":0,"parent":0,"menu_order":0,"comment_status":"closed","ping_status":"closed","template":"","meta":[],"acf":[],"yoast_head":"<!-- This site is optimized with the Yoast SEO plugin v20.8 - https:\/\/yoast.com\/wordpress\/plugins\/seo\/ -->\n<title>Quiero Exponer | M&amp;T Expo<\/title>\n<meta name=\"description\" content=\"Part of bauma NETWORK\" \/>\n<meta name=\"robots\" content=\"index, follow, max-snippet:-1, max-image-preview:large, max-video-preview:-1\" \/>\n<link rel=\"canonical\" href=\"https:\/\/www.mtexpo.com.br\/es\/quiero-exponer\/\" \/>\n<meta property=\"og:locale\" content=\"es_ES\" \/>\n<meta property=\"og:type\" content=\"article\" \/>\n<meta property=\"og:title\" content=\"Quiero Exponer | M&amp;T Expo\" \/>\n<meta property=\"og:description\" content=\"Part of bauma NETWORK\" \/>\n<meta property=\"og:url\" content=\"https:\/\/www.mtexpo.com.br\/es\/quiero-exponer\/\" \/>\n<meta property=\"og:site_name\" content=\"M&amp;T Expo - ES\" \/>\n<meta property=\"article:publisher\" content=\"https:\/\/www.facebook.com\/feiramtexpo\/\" \/>\n<meta property=\"article:modified_time\" content=\"2023-04-14T20:05:37+00:00\" \/>\n<meta property=\"og:image\" content=\"https:\/\/www.mtexpo.com.br\/es\/wp-content\/uploads\/sites\/3\/2022\/12\/bg-about.jpg\" \/>\n\t<meta property=\"og:image:width\" content=\"2220\" \/>\n\t<meta property=\"og:image:height\" content=\"700\" \/>\n\t<meta property=\"og:image:type\" content=\"image\/jpeg\" \/>\n<meta name=\"twitter:card\" content=\"summary_large_image\" \/>\n<meta name=\"twitter:label1\" content=\"Est. reading time\" \/>\n\t<meta name=\"twitter:data1\" content=\"2 minutes\" \/>\n<script type=\"application\/ld+json\" class=\"yoast-schema-graph\">{\"@context\":\"https:\/\/schema.org\",\"@graph\":[{\"@type\":\"WebPage\",\"@id\":\"https:\/\/www.mtexpo.com.br\/es\/quiero-exponer\/\",\"url\":\"https:\/\/www.mtexpo.com.br\/es\/quiero-exponer\/\",\"name\":\"Quiero Exponer | M&T Expo\",\"isPartOf\":{\"@id\":\"https:\/\/www.mtexpo.com.br\/es\/#website\"},\"datePublished\":\"2022-12-03T15:38:35+00:00\",\"dateModified\":\"2023-04-14T20:05:37+00:00\",\"description\":\"Part of bauma NETWORK\",\"breadcrumb\":{\"@id\":\"https:\/\/www.mtexpo.com.br\/es\/quiero-exponer\/#breadcrumb\"},\"inLanguage\":\"es-ES\",\"potentialAction\":[{\"@type\":\"ReadAction\",\"target\":[\"https:\/\/www.mtexpo.com.br\/es\/quiero-exponer\/\"]}]},{\"@type\":\"BreadcrumbList\",\"@id\":\"https:\/\/www.mtexpo.com.br\/es\/quiero-exponer\/#breadcrumb\",\"itemListElement\":[{\"@type\":\"ListItem\",\"position\":1,\"name\":\"In\u00edcio\",\"item\":\"https:\/\/www.mtexpo.com.br\/es\/\"},{\"@type\":\"ListItem\",\"position\":2,\"name\":\"Quiero Exponer\"}]},{\"@type\":\"WebSite\",\"@id\":\"https:\/\/www.mtexpo.com.br\/es\/#website\",\"url\":\"https:\/\/www.mtexpo.com.br\/es\/\",\"name\":\"M&T Expo\",\"description\":\"Part of bauma NETWORK\",\"publisher\":{\"@id\":\"https:\/\/www.mtexpo.com.br\/es\/#organization\"},\"alternateName\":\"M&T Expo\",\"potentialAction\":[{\"@type\":\"SearchAction\",\"target\":{\"@type\":\"EntryPoint\",\"urlTemplate\":\"https:\/\/www.mtexpo.com.br\/es\/?s={search_term_string}\"},\"query-input\":\"required name=search_term_string\"}],\"inLanguage\":\"es-ES\"},{\"@type\":\"Organization\",\"@id\":\"https:\/\/www.mtexpo.com.br\/es\/#organization\",\"name\":\"M&T Expo\",\"alternateName\":\"M&T Expo\",\"url\":\"https:\/\/www.mtexpo.com.br\/es\/\",\"logo\":{\"@type\":\"ImageObject\",\"inLanguage\":\"es-ES\",\"@id\":\"https:\/\/www.mtexpo.com.br\/es\/#\/schema\/logo\/image\/\",\"url\":\"https:\/\/www.mtexpo.com.br\/es\/wp-content\/uploads\/sites\/3\/2022\/12\/logo-MT-expo.svg\",\"contentUrl\":\"https:\/\/www.mtexpo.com.br\/es\/wp-content\/uploads\/sites\/3\/2022\/12\/logo-MT-expo.svg\",\"width\":350,\"height\":70,\"caption\":\"M&T Expo\"},\"image\":{\"@id\":\"https:\/\/www.mtexpo.com.br\/es\/#\/schema\/logo\/image\/\"},\"sameAs\":[\"https:\/\/www.facebook.com\/feiramtexpo\/\",\"https:\/\/www.youtube.com\/c\/mtexpofeira\",\"https:\/\/www.instagram.com\/feiramtexpo\/\"]}]}<\/script>\n<!-- \/ Yoast SEO plugin. -->","yoast_head_json":{"title":"Quiero Exponer | M&T Expo","description":"Part of bauma NETWORK","robots":{"index":"index","follow":"follow","max-snippet":"max-snippet:-1","max-image-preview":"max-image-preview:large","max-video-preview":"max-video-preview:-1"},"canonical":"https:\/\/www.mtexpo.com.br\/es\/quiero-exponer\/","og_locale":"es_ES","og_type":"article","og_title":"Quiero Exponer | M&T Expo","og_description":"Part of bauma NETWORK","og_url":"https:\/\/www.mtexpo.com.br\/es\/quiero-exponer\/","og_site_name":"M&amp;T Expo - ES","article_publisher":"https:\/\/www.facebook.com\/feiramtexpo\/","article_modified_time":"2023-04-14T20:05:37+00:00","og_image":[{"width":2220,"height":700,"url":"https:\/\/www.mtexpo.com.br\/es\/wp-content\/uploads\/sites\/3\/2022\/12\/bg-about.jpg","type":"image\/jpeg"}],"twitter_card":"summary_large_image","twitter_misc":{"Est. reading time":"2 minutes"},"schema":{"@context":"https:\/\/schema.org","@graph":[{"@type":"WebPage","@id":"https:\/\/www.mtexpo.com.br\/es\/quiero-exponer\/","url":"https:\/\/www.mtexpo.com.br\/es\/quiero-exponer\/","name":"Quiero Exponer | M&T Expo","isPartOf":{"@id":"https:\/\/www.mtexpo.com.br\/es\/#website"},"datePublished":"2022-12-03T15:38:35+00:00","dateModified":"2023-04-14T20:05:37+00:00","description":"Part of bauma NETWORK","breadcrumb":{"@id":"https:\/\/www.mtexpo.com.br\/es\/quiero-exponer\/#breadcrumb"},"inLanguage":"es-ES","potentialAction":[{"@type":"ReadAction","target":["https:\/\/www.mtexpo.com.br\/es\/quiero-exponer\/"]}]},{"@type":"BreadcrumbList","@id":"https:\/\/www.mtexpo.com.br\/es\/quiero-exponer\/#breadcrumb","itemListElement":[{"@type":"ListItem","position":1,"name":"In\u00edcio","item":"https:\/\/www.mtexpo.com.br\/es\/"},{"@type":"ListItem","position":2,"name":"Quiero Exponer"}]},{"@type":"WebSite","@id":"https:\/\/www.mtexpo.com.br\/es\/#website","url":"https:\/\/www.mtexpo.com.br\/es\/","name":"M&T Expo","description":"Part of bauma NETWORK","publisher":{"@id":"https:\/\/www.mtexpo.com.br\/es\/#organization"},"alternateName":"M&T Expo","potentialAction":[{"@type":"SearchAction","target":{"@type":"EntryPoint","urlTemplate":"https:\/\/www.mtexpo.com.br\/es\/?s={search_term_string}"},"query-input":"required name=search_term_string"}],"inLanguage":"es-ES"},{"@type":"Organization","@id":"https:\/\/www.mtexpo.com.br\/es\/#organization","name":"M&T Expo","alternateName":"M&T Expo","url":"https:\/\/www.mtexpo.com.br\/es\/","logo":{"@type":"ImageObject","inLanguage":"es-ES","@id":"https:\/\/www.mtexpo.com.br\/es\/#\/schema\/logo\/image\/","url":"https:\/\/www.mtexpo.com.br\/es\/wp-content\/uploads\/sites\/3\/2022\/12\/logo-MT-expo.svg","contentUrl":"https:\/\/www.mtexpo.com.br\/es\/wp-content\/uploads\/sites\/3\/2022\/12\/logo-MT-expo.svg","width":350,"height":70,"caption":"M&T Expo"},"image":{"@id":"https:\/\/www.mtexpo.com.br\/es\/#\/schema\/logo\/image\/"},"sameAs":["https:\/\/www.facebook.com\/feiramtexpo\/","https:\/\/www.youtube.com\/c\/mtexpofeira","https:\/\/www.instagram.com\/feiramtexpo\/"]}]}},"_links":{"self":[{"href":"https:\/\/www.mtexpo.com.br\/es\/wp-json\/wp\/v2\/pages\/71"}],"collection":[{"href":"https:\/\/www.mtexpo.com.br\/es\/wp-json\/wp\/v2\/pages"}],"about":[{"href":"https:\/\/www.mtexpo.com.br\/es\/wp-json\/wp\/v2\/types\/page"}],"author":[{"embeddable":true,"href":"https:\/\/www.mtexpo.com.br\/es\/wp-json\/wp\/v2\/users\/2"}],"replies":[{"embeddable":true,"href":"https:\/\/www.mtexpo.com.br\/es\/wp-json\/wp\/v2\/comments?post=71"}],"version-history":[{"count":9,"href":"https:\/\/www.mtexpo.com.br\/es\/wp-json\/wp\/v2\/pages\/71\/revisions"}],"predecessor-version":[{"id":791,"href":"https:\/\/www.mtexpo.com.br\/es\/wp-json\/wp\/v2\/pages\/71\/revisions\/791"}],"wp:attachment":[{"href":"https:\/\/www.mtexpo.com.br\/es\/wp-json\/wp\/v2\/media?parent=71"}],"curies":[{"name":"wp","href":"https:\/\/api.w.org\/{rel}","templated":true}]}}